{"id":22,"date":"2025-12-03T20:58:24","date_gmt":"2025-12-03T19:58:24","guid":{"rendered":"https:\/\/envistudio.pl\/?page_id=22"},"modified":"2025-12-05T01:06:37","modified_gmt":"2025-12-05T00:06:37","slug":"envistudio","status":"publish","type":"page","link":"https:\/\/envistudio.pl\/","title":{"rendered":"EnviStudio"},"content":{"rendered":"\n<div class=\"wp-block-group alignfull is-style-section-5 has-base-color has-text-color has-background has-link-color wp-elements-493d05728457a86e0f15aed36fc249e3 has-global-padding is-content-justification-center is-layout-constrained wp-container-core-group-is-layout-3b173c47 wp-block-group-is-layout-constrained wp-container-2 is-position-sticky is-style-section-5--1\" style=\"background:linear-gradient(135deg,rgb(0,33,7) 0%,rgb(0,0,0) 48%,rgb(48,0,51) 98%);margin-top:0;margin-bottom:0;padding-top:var(--wp--preset--spacing--30);padding-bottom:var(--wp--preset--spacing--30)\">\n<h2 class=\"wp-block-heading alignwide has-text-align-center has-x-large-font-size\">Rozpocznij swoj\u0105 przygod\u0119 z Envi Studio<\/h2>\n\n\n\n<div class=\"wp-block-buttons alignwide has-custom-font-size has-medium-font-size is-content-justification-center is-layout-flex wp-container-core-buttons-is-layout-c124d1c4 wp-block-buttons-is-layout-flex\">\n<div class=\"wp-block-button\"><a class=\"wp-block-button__link has-medium-font-size has-custom-font-size wp-element-button\" href=\"#why\" style=\"padding-top:var(--wp--preset--spacing--20);padding-right:var(--wp--preset--spacing--30);padding-bottom:var(--wp--preset--spacing--20);padding-left:var(--wp--preset--spacing--30)\">Dlaczego Envi?<\/a><\/div>\n\n\n\n<div class=\"wp-block-button\"><a class=\"wp-block-button__link has-medium-font-size has-custom-font-size wp-element-button\" href=\"#uslugi\" style=\"padding-top:var(--wp--preset--spacing--20);padding-right:var(--wp--preset--spacing--30);padding-bottom:var(--wp--preset--spacing--20);padding-left:var(--wp--preset--spacing--30)\">Us\u0142ugi<\/a><\/div>\n\n\n\n<div class=\"wp-block-button\"><a class=\"wp-block-button__link has-medium-font-size has-custom-font-size wp-element-button\" href=\"#cennik\" style=\"padding-top:var(--wp--preset--spacing--20);padding-right:var(--wp--preset--spacing--30);padding-bottom:var(--wp--preset--spacing--20);padding-left:var(--wp--preset--spacing--30)\">Cennik<\/a><\/div>\n\n\n\n<div class=\"wp-block-button\"><a class=\"wp-block-button__link has-medium-font-size has-custom-font-size wp-element-button\" href=\"#onas\" style=\"padding-top:var(--wp--preset--spacing--20);padding-right:var(--wp--preset--spacing--30);padding-bottom:var(--wp--preset--spacing--20);padding-left:var(--wp--preset--spacing--30)\">O nas<\/a><\/div>\n\n\n\n<div class=\"wp-block-button\"><a class=\"wp-block-button__link has-medium-font-size has-custom-font-size wp-element-button\" href=\"#kontakt\" style=\"padding-top:var(--wp--preset--spacing--20);padding-right:var(--wp--preset--spacing--30);padding-bottom:var(--wp--preset--spacing--20);padding-left:var(--wp--preset--spacing--30)\">Kontakt<\/a><\/div>\n\n\n<\/div>\n\n\n\n<p class=\"has-text-align-center has-medium-font-size\">Nie znalaz\u0142e\u015b czego szukasz? <a href=\"#\" rel=\"nofollow\">Napisz do nas!<\/a><\/p>\n<\/div>\n\n\n\n<div class=\"wp-block-group alignfull html { scroll-behavior: smooth; } has-global-padding is-layout-constrained wp-block-group-is-layout-constrained\" id=\"why\" style=\"margin-top:0;margin-bottom:0\">\n<div class=\"wp-block-group is-nowrap is-layout-flex wp-container-core-group-is-layout-6c531013 wp-block-group-is-layout-flex\">\n<div class=\"wp-block-group alignwide is-layout-flow wp-container-core-group-is-layout-d58a0413 wp-block-group-is-layout-flow\" style=\"padding-top:var(--wp--preset--spacing--50);padding-bottom:var(--wp--preset--spacing--50)\">\n<blockquote class=\"wp-block-quote has-base-color has-text-color has-link-color wp-elements-6f0fdbb9b7126526f995e083c1d71fc4 is-layout-flow wp-block-quote-is-layout-flow\">\n<p class=\"is-style-text-display has-base-color has-text-color has-link-color wp-elements-1b738365302189e5823938209cf6cebc is-style-text-display--3\">Dlaczego Envi<\/p>\n<\/blockquote>\n\n\n\n<div class=\"wp-block-columns is-layout-flex wp-container-core-columns-is-layout-cbe57604 wp-block-columns-is-layout-flex\">\n<div class=\"wp-block-column is-layout-flow wp-block-column-is-layout-flow\">\n<div class=\"wp-block-group is-layout-flow wp-block-group-is-layout-flow\" style=\"border-top-color:var(--wp--preset--color--accent-6);border-top-width:1px;padding-top:var(--wp--preset--spacing--30);padding-bottom:var(--wp--preset--spacing--30)\">\n<blockquote class=\"wp-block-quote has-base-color has-text-color has-link-color wp-elements-b2cde71defbad227708d3f0a1423bce4 is-layout-flow wp-block-quote-is-layout-flow\">\n<p><strong>Jako\u015b\u0107. Szybko\u015b\u0107. Kreatywno\u015b\u0107.<\/strong><br>Wszystko, czego potrzebujesz \u2014 bez zb\u0119dnej biurokracji i bez gubienia Twojego projektu w t\u0142umie.<\/p>\n\n\n\n<p>\u2713 skuteczne teksty<br>\u2713 profesjonalna opieka nad ksi\u0105\u017ck\u0105<br>\u2713 prosta, jasna wsp\u00f3\u0142praca<\/p>\n<\/blockquote>\n<\/div>\n<\/div>\n<\/div>\n<\/div>\n<\/div>\n\n\n\n<div class=\"wp-block-group alignfull html { scroll-behavior: smooth; } has-global-padding is-layout-constrained wp-block-group-is-layout-constrained\" id=\"uslugi\" style=\"margin-top:0;margin-bottom:0\">\n<div class=\"wp-block-group is-nowrap is-layout-flex wp-container-core-group-is-layout-6c531013 wp-block-group-is-layout-flex\">\n<div class=\"wp-block-group alignwide is-layout-flow wp-container-core-group-is-layout-d58a0413 wp-block-group-is-layout-flow\" style=\"padding-top:var(--wp--preset--spacing--50);padding-bottom:var(--wp--preset--spacing--50)\">\n<blockquote class=\"wp-block-quote has-base-color has-text-color has-link-color wp-elements-e8c29a5e16dd56bc7122706e2740f5a8 is-layout-flow wp-block-quote-is-layout-flow\">\n<p class=\"is-style-text-display has-base-color has-text-color has-link-color wp-elements-80d36a4e03a87161794306c883f6c850 is-style-text-display--4\">Us\u0142ugi<\/p>\n<\/blockquote>\n\n\n\n<div class=\"wp-block-columns is-layout-flex wp-container-core-columns-is-layout-cbe57604 wp-block-columns-is-layout-flex\">\n<div class=\"wp-block-column is-layout-flow wp-block-column-is-layout-flow\">\n<div class=\"wp-block-group is-layout-flow wp-block-group-is-layout-flow\" style=\"border-top-color:var(--wp--preset--color--accent-6);border-top-width:1px;padding-top:var(--wp--preset--spacing--30);padding-bottom:var(--wp--preset--spacing--30)\">\n<h3 class=\"wp-block-heading has-base-color has-text-color has-link-color wp-elements-9ce115b2b37d443b4b90a170403c57e9\">Tekst Standard<\/h3>\n\n\n\n<p class=\"has-base-color has-text-color has-link-color has-medium-font-size wp-elements-00443ab3861d770a0863544f5e7ea1c3\"><strong><em><strong>Dla kogo:<\/strong> kto\u015b potrzebuje prostego, poprawnego tekstu.<\/em><\/strong><br><br><strong>&#8211; A<\/strong>rtyku\u0142 \/ wpis blogowy \/ tekst informacyjny<br>&#8211; d\u0142ugo\u015b\u0107: <strong>do 3 000 znak\u00f3w<\/strong> ze spacjami<br>&#8211; gotowy do wklejenia na stron\u0119<\/p>\n\n\n\n<div class=\"wp-block-group is-layout-flow wp-block-group-is-layout-flow\" style=\"border-top-color:var(--wp--preset--color--accent-6);border-top-width:1px;padding-top:var(--wp--preset--spacing--30);padding-bottom:var(--wp--preset--spacing--30)\">\n<h3 class=\"wp-block-heading has-base-color has-text-color has-link-color wp-elements-99f9f4937ca0c389d55cb64574480f61\">Tekst SEO<\/h3>\n\n\n\n<p class=\"has-base-color has-text-color has-link-color has-medium-font-size wp-elements-bead5ecea2ad34a0b70de7a28fb0a6c7\"><strong><em><strong>Dla kogo:<\/strong> kto\u015b chce pozyska\u0107 ruch z Google.<\/em><\/strong><br><br><strong>&#8211; <\/strong>pe\u0142ny artyku\u0142 SEO<br>&#8211; d\u0142ugo\u015b\u0107: <strong>do 6 000 znak\u00f3w<\/strong> ze spacjami<br>&#8211; nag\u0142\u00f3wki H1\u2013H3<br>&#8211; meta opis + propozycja tytu\u0142u<br>&#8211; naturalny styl, bez &#8220;upychania fraz&#8221;<\/p>\n\n\n\n<div class=\"wp-block-group is-layout-flow wp-block-group-is-layout-flow\" style=\"border-top-color:var(--wp--preset--color--accent-6);border-top-width:1px;padding-top:var(--wp--preset--spacing--30);padding-bottom:var(--wp--preset--spacing--30)\">\n<h3 class=\"wp-block-heading has-base-color has-text-color has-link-color wp-elements-0f9c45be48dd05be01657fff0ad0b1fe\">kr\u00f3tki scenariusz\/koncept kreatywny<\/h3>\n\n\n\n<p class=\"has-base-color has-text-color has-link-color has-medium-font-size wp-elements-131ac8e0d979f45808f95722d2db9dfb\"><strong><em><strong>Dla kogo:<\/strong> firmy, tw\u00f3rcy, TikTok, YouTube, reklamy, storytelling<\/em><\/strong><br><br><strong>&#8211; <\/strong>scenariusz kr\u00f3tkiego filmu\/ reklamy\/ posta fabularnego<br>&#8211; dialogi + dynamika sceny<br>&#8211; wersja narracyjna i \u201edo kamery\u201d<br>&#8211; 2 poprawki w cenie<br><\/p>\n<\/div>\n<\/div>\n<\/div>\n<\/div>\n\n\n\n<div class=\"wp-block-column is-layout-flow wp-block-column-is-layout-flow\">\n<div class=\"wp-block-group is-layout-flow wp-block-group-is-layout-flow\" style=\"border-top-color:var(--wp--preset--color--accent-6);border-top-width:1px;padding-top:var(--wp--preset--spacing--30);padding-bottom:var(--wp--preset--spacing--30)\">\n<h3 class=\"wp-block-heading has-base-color has-text-color has-link-color wp-elements-534ce64d0f471f5100da990a1bb19b6b\">Podstawowe wydanie<\/h3>\n\n\n\n<p class=\"has-base-color has-text-color has-link-color has-medium-font-size wp-elements-7fa6505b3e63a66cdd9d808bb4aa1c96\"><strong><em><strong>Dla kogo:<\/strong> <\/em><\/strong><em>kto\u015b kto jest na ostatniej prostej ku wydaniu swojej ksi\u0105\u017cki.<\/em><br><br><strong>&#8211; <\/strong>wrzucenie pliku do Ridero<br>&#8211; ustawienie parametr\u00f3w publikacji<br>&#8211; sprawdzenie zgodno\u015bci z regulaminem (wulgaryzmy, ok\u0142adka, kategorie, metadane)<br>&#8211; zero redakcji, zero korekty<br>&#8211; ekspresowa obs\u0142uga<br><\/p>\n\n\n\n<div class=\"wp-block-group is-layout-flow wp-block-group-is-layout-flow\" style=\"border-top-color:var(--wp--preset--color--accent-6);border-top-width:1px;padding-top:var(--wp--preset--spacing--30);padding-bottom:var(--wp--preset--spacing--30)\">\n<h3 class=\"wp-block-heading has-base-color has-text-color has-link-color wp-elements-b890cbd0f0e0c960fce10adfcedd4c12\">Szybka redakcja + technikalia<\/h3>\n\n\n\n<p class=\"has-base-color has-text-color has-link-color has-medium-font-size wp-elements-0b9f54c1fee26d7c77567013a558c5f0\"><strong><em><strong>Dla kogo:<\/strong> <\/em><\/strong><em>kto\u015b kto ma &#8220;prawie gotowy&#8221; tekst<\/em><br><br><strong>&#8211; <\/strong>korekta b\u0142\u0119d\u00f3w oczywistych<br>&#8211; podstawowa redakcja (stylistyka, przecinki, formatowanie)<br>&#8211; dopasowanie pliku do wymog\u00f3w Ridero<br>&#8211; przygotowanie opis\u00f3w, kategorii, s\u0142\u00f3w kluczowych<br><\/p>\n\n\n\n<div class=\"wp-block-group is-layout-flow wp-block-group-is-layout-flow\" style=\"border-top-color:var(--wp--preset--color--accent-6);border-top-width:1px;padding-top:var(--wp--preset--spacing--30);padding-bottom:var(--wp--preset--spacing--30)\">\n<h3 class=\"wp-block-heading has-base-color has-text-color has-link-color wp-elements-46c3ca12e5bb56d701ce81921a695d13\">Pe\u0142na opieka \u2014 Premium<\/h3>\n\n\n\n<p class=\"has-base-color has-text-color has-link-color has-medium-font-size wp-elements-acc0ec495e9bf635353f5afcb48aec5d\"><strong><em><strong>Dla kogo:<\/strong> <\/em><\/strong><em>kto\u015b chce kompletn\u0105 us\u0142ug\u0119 od A do Z<\/em><br><br><strong>&#8211; podw\u00f3jn\u0105 redakcj\u0119<\/strong> (najpierw stylistyczno-logiczna, potem korekta)<br>&#8211; wyg\u0142adzanie dialog\u00f3w na \u017cyczenie<br>&#8211; konsultacje kreatywne (np. dob\u00f3r tonu, poprawa przej\u015b\u0107 mi\u0119dzy scenami)<br>&#8211; wsparcie mailowe a\u017c do momentu, gdy ksi\u0105\u017cka jest oficjalnie opublikowana<br>&#8211; lekkie doradztwo marketingowe (np. jak reklamowa\u0107 na TikToku, jak pisa\u0107 opis ksi\u0105\u017cki pod SEO)<\/p>\n<\/div>\n<\/div>\n<\/div>\n<\/div>\n<\/div>\n<\/div>\n<\/div>\n<\/div>\n<\/div>\n\n\n\n<div class=\"wp-block-group alignfull has-global-padding is-layout-constrained wp-block-group-is-layout-constrained\" id=\"cennik\" style=\"margin-top:0;margin-bottom:0\">\n<div class=\"wp-block-group is-nowrap is-layout-flex wp-container-core-group-is-layout-6c531013 wp-block-group-is-layout-flex\">\n<div class=\"wp-block-group alignwide is-layout-flow wp-container-core-group-is-layout-d58a0413 wp-block-group-is-layout-flow\" style=\"padding-top:var(--wp--preset--spacing--50);padding-bottom:var(--wp--preset--spacing--50)\">\n<blockquote class=\"wp-block-quote has-text-align-left has-base-color has-text-color has-link-color wp-elements-76966924e5398366016e8f44dc2840fe is-layout-flow wp-block-quote-is-layout-flow\">\n<p class=\"is-style-text-display is-style-text-display--5\" id=\"cennik\">Cennik<\/p>\n<\/blockquote>\n\n\n\n<div class=\"wp-block-columns is-layout-flex wp-container-core-columns-is-layout-cbe57604 wp-block-columns-is-layout-flex\">\n<div class=\"wp-block-column is-layout-flow wp-block-column-is-layout-flow\">\n<div class=\"wp-block-group is-layout-flow wp-block-group-is-layout-flow\" style=\"border-top-color:var(--wp--preset--color--accent-6);border-top-width:1px;padding-top:var(--wp--preset--spacing--30);padding-bottom:var(--wp--preset--spacing--30)\">\n<h3 class=\"wp-block-heading has-text-align-center has-base-color has-text-color has-link-color wp-elements-63a721ebfe6e198a592c56e2cdcd6336\">Tekst Standard <br><strong>60 z\u0142<\/strong>*<\/h3>\n\n\n\n<div class=\"wp-block-group is-layout-flow wp-block-group-is-layout-flow\" style=\"border-top-color:var(--wp--preset--color--accent-6);border-top-width:1px;padding-top:var(--wp--preset--spacing--30);padding-bottom:var(--wp--preset--spacing--30)\">\n<h3 class=\"wp-block-heading has-text-align-center has-base-color has-text-color has-link-color wp-elements-bdaa5cfeabb54dfa1a34e46ac3976197\">Tekst SEO<br><strong>140 z\u0142<\/strong>*<\/h3>\n\n\n\n<div class=\"wp-block-group is-layout-flow wp-block-group-is-layout-flow\" style=\"border-top-color:var(--wp--preset--color--accent-6);border-top-width:1px;padding-top:var(--wp--preset--spacing--30);padding-bottom:var(--wp--preset--spacing--30)\">\n<h3 class=\"wp-block-heading has-text-align-center has-base-color has-text-color has-link-color wp-elements-84f34041d0ff513e99cea10c9d40dd02\">Kr\u00f3tki scenariusz \/ koncept kreatywny<br><strong>90 z\u0142<\/strong>*<\/h3>\n<\/div>\n<\/div>\n<\/div>\n<\/div>\n\n\n\n<div class=\"wp-block-column is-layout-flow wp-block-column-is-layout-flow\">\n<div class=\"wp-block-group is-layout-flow wp-block-group-is-layout-flow\" style=\"border-top-color:var(--wp--preset--color--accent-6);border-top-width:1px;padding-top:var(--wp--preset--spacing--30);padding-bottom:var(--wp--preset--spacing--30)\">\n<h3 class=\"wp-block-heading has-text-align-center has-base-color has-text-color has-link-color wp-elements-00e272a96e9faa15da0e0e07503b92ad\">Podstawowe wydanie<br>150 z\u0142* za 50 stron<\/h3>\n\n\n\n<div class=\"wp-block-group is-layout-flow wp-block-group-is-layout-flow\" style=\"border-top-color:var(--wp--preset--color--accent-6);border-top-width:1px;padding-top:var(--wp--preset--spacing--30);padding-bottom:var(--wp--preset--spacing--30)\">\n<h3 class=\"wp-block-heading has-text-align-center has-base-color has-text-color has-link-color wp-elements-a4a0358bd1fe4d3d45b66cc1b0737b1d\">Szybka redakcja + technikalia<br>300 z\u0142* za 50 stron<\/h3>\n\n\n\n<div class=\"wp-block-group is-layout-flow wp-block-group-is-layout-flow\" style=\"border-top-color:var(--wp--preset--color--accent-6);border-top-width:1px;padding-top:var(--wp--preset--spacing--30);padding-bottom:var(--wp--preset--spacing--30)\">\n<h3 class=\"wp-block-heading has-text-align-center has-base-color has-text-color has-link-color wp-elements-bc3f74e13bdbd92b6bbab0c8627c0cd5\">Pe\u0142na opieka \u2014 Premium<br>550 z\u0142* za 50 stron<\/h3>\n<\/div>\n<\/div>\n<\/div>\n<\/div>\n<\/div>\n\n\n\n<blockquote class=\"wp-block-quote is-style-plain is-layout-flow wp-block-quote-is-layout-flow is-style-plain--6\">\n<p class=\"is-style-text-annotation has-base-color has-text-color has-link-color wp-elements-3997bd85101d0a91b8e67657ab5460af is-style-text-annotation--7\">*\ufe0f\u20e3 <em>Wszystkie ceny s\u0105 orientacyjne \u2014 ostateczna wycena zale\u017cy od zakresu, d\u0142ugo\u015bci i indywidualnych potrzeb klienta.<\/em><\/p>\n<\/blockquote>\n<\/div>\n<\/div>\n\n\n\n<div class=\"wp-block-group alignfull has-global-padding is-layout-constrained wp-block-group-is-layout-constrained\" id=\"onas\" style=\"margin-top:0;margin-bottom:0\">\n<div class=\"wp-block-group is-nowrap is-layout-flex wp-container-core-group-is-layout-6c531013 wp-block-group-is-layout-flex\">\n<div class=\"wp-block-group alignwide is-layout-flow wp-container-core-group-is-layout-d58a0413 wp-block-group-is-layout-flow\" style=\"padding-top:var(--wp--preset--spacing--50);padding-bottom:var(--wp--preset--spacing--50)\">\n<blockquote class=\"wp-block-quote has-base-color has-text-color has-link-color wp-elements-a5d9446ddd42335d140235defbc555b6 is-layout-flow wp-block-quote-is-layout-flow\" id=\"onas\">\n<p class=\"is-style-text-display is-style-text-display--8\" id=\"onas\">O nas<\/p>\n<\/blockquote>\n\n\n\n<div class=\"wp-block-columns is-layout-flex wp-container-core-columns-is-layout-cbe57604 wp-block-columns-is-layout-flex\">\n<div class=\"wp-block-column is-layout-flow wp-block-column-is-layout-flow\">\n<div class=\"wp-block-group is-layout-flow wp-block-group-is-layout-flow\" style=\"border-top-color:var(--wp--preset--color--accent-6);border-top-width:1px;padding-top:var(--wp--preset--spacing--30);padding-bottom:var(--wp--preset--spacing--30)\">\n<h3 class=\"wp-block-heading has-base-color has-text-color has-link-color wp-elements-b692ebfa58577eae6157a07c52d8b9e0\">Copywriting<\/h3>\n\n\n\n<p class=\"has-base-color has-text-color has-link-color wp-elements-3d19c126142c4d74ee9c644681685837\"><strong><em>Teksty, kt\u00f3re przyci\u0105gaj\u0105 uwag\u0119 i sprzedaj\u0105.<\/em><\/strong><br><br><strong>Tworzymy reklamy, opisy, dialogi, scenariusze i tre\u015bci kreatywne \u2014 wszystko, czego potrzebujesz, by Tw\u00f3j projekt brzmia\u0142 profesjonalnie i nie przechodzi\u0142 bez echa.<\/strong><\/p>\n<\/div>\n<\/div>\n\n\n\n<div class=\"wp-block-column is-layout-flow wp-block-column-is-layout-flow\">\n<div class=\"wp-block-group is-layout-flow wp-block-group-is-layout-flow\" style=\"border-top-color:var(--wp--preset--color--accent-6);border-top-width:1px;padding-top:var(--wp--preset--spacing--30);padding-bottom:var(--wp--preset--spacing--30)\">\n<h3 class=\"wp-block-heading has-base-color has-text-color has-link-color wp-elements-9bf27f90ec74f0a29f1b4c6df7af8f60\">Asystent wydawniczy<\/h3>\n\n\n\n<p class=\"has-base-color has-text-color has-link-color wp-elements-f5c4f89b1aec558ff902d59493203dc7\"><strong><em>Twoja ksi\u0105\u017cka, nasza pomoc na ka\u017cdym etapie.<\/em><\/strong><br><br>Przeprowadzimy Ci\u0119 przez ca\u0142y proces wydawniczy: od przygotowania pliku, przez ok\u0142adk\u0119 i formatowanie, a\u017c po publikacj\u0119 w Ridero i wej\u015bcie na Empik.<br>Ty piszesz \u2014 my zajmujemy si\u0119 reszt\u0105.<\/p>\n<\/div>\n<\/div>\n<\/div>\n<\/div>\n<\/div>\n\n\n\n<style>\n.envi-form {\n    max-width: 400px;\n    padding: 20px;\n    border: 1px solid #333;\n    border-radius: 10px;\n    background: rgba(255,255,255,0.05);\n    backdrop-filter: blur(6px);\n    font-family: Arial, sans-serif;\n    color: #fff;\n}\n\n.envi-form label {\n    display: block;\n    margin-bottom: 6px;\n    font-weight: bold;\n}\n\n.envi-form input,\n.envi-form textarea {\n    width: 100%;\n    padding: 10px;\n    margin-bottom: 15px;\n    border-radius: 6px;\n    border: 1px solid #666;\n    background: rgba(0,0,0,0.3);\n    color: #fff;\n}\n\n.envi-form button {\n    width: 100%;\n    padding: 12px;\n    border: none;\n    border-radius: 6px;\n    background: #3da9fc;\n    color: #000;\n    font-weight: bold;\n    cursor: pointer;\n    transition: 0.2s;\n}\n\n.envi-form button:hover {\n    background: #72c7ff;\n}\n<\/style>\n\n<form class=\"envi-form\" action=\"mailto:contact.envi.studio@gmail.com\" method=\"post\" enctype=\"text\/plain\">\n    \n    <label>Twoje imi\u0119 \/ nick<\/label>\n    <input type=\"text\" name=\"Imi\u0119\" required>\n\n    <label>Tw\u00f3j e-mail<\/label>\n    <input type=\"email\" name=\"Email\" required>\n\n    <label>Wiadomo\u015b\u0107<\/label>\n    <textarea name=\"Wiadomo\u015b\u0107\" rows=\"5\" required><\/textarea>\n\n    <button type=\"submit\">Wy\u015blij<\/button>\n<\/form>\n<a id=\"kontakt\"><\/a>\n<\/div>\n<\/div>\n","protected":false},"excerpt":{"rendered":"<p>Rozpocznij swoj\u0105 przygod\u0119 z Envi Studio Nie znalaz\u0142e\u015b czego szukasz? Napisz do nas! Dlaczego Envi Jako\u015b\u0107. Szybko\u015b\u0107. Kreatywno\u015b\u0107.Wszystko, czego potrzebujesz \u2014 bez zb\u0119dnej biurokracji i bez gubienia Twojego projektu w t\u0142umie. \u2713 skuteczne teksty\u2713 profesjonalna opieka nad ksi\u0105\u017ck\u0105\u2713 prosta, jasna wsp\u00f3\u0142praca Us\u0142ugi Tekst Standard Dla kogo: kto\u015b potrzebuje prostego, poprawnego tekstu. &#8211; Artyku\u0142 \/ wpis [&hellip;]<\/p>\n","protected":false},"author":1,"featured_media":0,"parent":0,"menu_order":0,"comment_status":"closed","ping_status":"closed","template":"page-no-title","meta":{"footnotes":""},"class_list":["post-22","page","type-page","status-publish","hentry"],"_links":{"self":[{"href":"https:\/\/envistudio.pl\/index.php?rest_route=\/wp\/v2\/pages\/22","targetHints":{"allow":["GET"]}}],"collection":[{"href":"https:\/\/envistudio.pl\/index.php?rest_route=\/wp\/v2\/pages"}],"about":[{"href":"https:\/\/envistudio.pl\/index.php?rest_route=\/wp\/v2\/types\/page"}],"author":[{"embeddable":true,"href":"https:\/\/envistudio.pl\/index.php?rest_route=\/wp\/v2\/users\/1"}],"replies":[{"embeddable":true,"href":"https:\/\/envistudio.pl\/index.php?rest_route=%2Fwp%2Fv2%2Fcomments&post=22"}],"version-history":[{"count":25,"href":"https:\/\/envistudio.pl\/index.php?rest_route=\/wp\/v2\/pages\/22\/revisions"}],"predecessor-version":[{"id":85,"href":"https:\/\/envistudio.pl\/index.php?rest_route=\/wp\/v2\/pages\/22\/revisions\/85"}],"wp:attachment":[{"href":"https:\/\/envistudio.pl\/index.php?rest_route=%2Fwp%2Fv2%2Fmedia&parent=22"}],"curies":[{"name":"wp","href":"https:\/\/api.w.org\/{rel}","templated":true}]}}